{"id":355,"date":"2019-04-22T18:19:39","date_gmt":"2019-04-22T16:19:39","guid":{"rendered":"http:\/\/chamannajenatsch.ch\/?page_id=355"},"modified":"2024-11-30T11:44:04","modified_gmt":"2024-11-30T10:44:04","slug":"events","status":"publish","type":"page","link":"https:\/\/www.chamannajenatsch.ch\/en\/events\/","title":{"rendered":"Events"},"content":{"rendered":"<div data-elementor-type=\"wp-post\" data-elementor-id=\"355\" class=\"elementor elementor-355\">\n\t\t\t\t\t\t<section class=\"elementor-section elementor-top-section elementor-element elementor-element-f458b7c elementor-section-boxed elementor-section-height-default elementor-section-height-default\" data-id=\"f458b7c\" data-element_type=\"section\" data-e-type=\"section\">\n\t\t\t\t\t\t<div class=\"elementor-container elementor-column-gap-default\">\n\t\t\t\t\t<div class=\"elementor-column elementor-col-100 elementor-top-column elementor-element elementor-element-c3b9968\" data-id=\"c3b9968\" data-element_type=\"column\" data-e-type=\"column\">\n\t\t\t<div class=\"elementor-widget-wrap elementor-element-populated\">\n\t\t\t\t\t\t<section class=\"elementor-section elementor-inner-section elementor-element elementor-element-eb82925 elementor-section-boxed elementor-section-height-default elementor-section-height-default\" data-id=\"eb82925\" data-element_type=\"section\" data-e-type=\"section\">\n\t\t\t\t\t\t<div class=\"elementor-container elementor-column-gap-default\">\n\t\t\t\t\t<div class=\"elementor-column elementor-col-100 elementor-inner-column elementor-element elementor-element-926f62a\" data-id=\"926f62a\" data-element_type=\"column\" data-e-type=\"column\">\n\t\t\t<div class=\"elementor-widget-wrap elementor-element-populated\">\n\t\t\t\t\t\t<div class=\"elementor-element elementor-element-5b8f57a elementor-widget elementor-widget-text-editor\" data-id=\"5b8f57a\" data-element_type=\"widget\" data-e-type=\"widget\" data-widget_type=\"text-editor.default\">\n\t\t\t\t<div class=\"elementor-widget-container\">\n\t\t\t\t\t\t\t\t\t<h6>Silvester 2024<\/h6>\n<p>Die Mindestaufenthaltsdauer \u00fcber Silvester sind 2 Tage. So haben alle mehr Zeit zur Entspannung und es gibt gen\u00fcgend Touren um einen Tag l\u00e4nger bei uns zu bleiben. Ihr k\u00f6nnt w\u00e4hlen ob ihr vom 30. Dezember bis zum 1. Januar oder vom 31. Dezember bis zum 2. Januar bleiben wollt. Nat\u00fcrlich sind auch 3 Tage m\u00f6glich \ud83d\ude09<\/p>\n<p>Wir belegen die H\u00fctte daf\u00fcr nicht ganz, so dass es nicht zuuu voll und richtig gem\u00fctlich wird. <\/p>\n<p>Wir freuen uns mit Euch ins neue Jahr zu starten!<\/p>\t\t\t\t\t\t\t\t<\/div>\n\t\t\t\t<\/div>\n\t\t\t\t<div class=\"elementor-element elementor-element-c1c96c1 elementor-widget elementor-widget-image\" data-id=\"c1c96c1\" data-element_type=\"widget\" data-e-type=\"widget\" data-widget_type=\"image.default\">\n\t\t\t\t<div class=\"elementor-widget-container\">\n\t\t\t\t\t\t\t\t\t\t\t\t\t\t\t<img decoding=\"async\" width=\"150\" height=\"150\" src=\"https:\/\/www.chamannajenatsch.ch\/wp-content\/uploads\/2022\/01\/Silvetser2021-150x150.jpeg\" class=\"attachment-thumbnail size-thumbnail wp-image-4520\" alt=\"\" srcset=\"https:\/\/www.chamannajenatsch.ch\/wp-content\/uploads\/2022\/01\/Silvetser2021-150x150.jpeg 150w, https:\/\/www.chamannajenatsch.ch\/wp-content\/uploads\/2022\/01\/Silvetser2021-270x270.jpeg 270w, https:\/\/www.chamannajenatsch.ch\/wp-content\/uploads\/2022\/01\/Silvetser2021-230x230.jpeg 230w\" sizes=\"(max-width: 150px) 100vw, 150px\" \/>\t\t\t\t\t\t\t\t\t\t\t\t\t\t\t<\/div>\n\t\t\t\t<\/div>\n\t\t\t\t\t<\/div>\n\t\t<\/div>\n\t\t\t\t\t<\/div>\n\t\t<\/section>\n\t\t\t\t\t<\/div>\n\t\t<\/div>\n\t\t\t\t\t<\/div>\n\t\t<\/section>\n\t\t\t\t<section class=\"elementor-section elementor-top-section elementor-element elementor-element-e0cb3c0 elementor-section-boxed elementor-section-height-default elementor-section-height-default\" data-id=\"e0cb3c0\" data-element_type=\"section\" data-e-type=\"section\">\n\t\t\t\t\t\t<div class=\"elementor-container elementor-column-gap-default\">\n\t\t\t\t\t<div class=\"elementor-column elementor-col-100 elementor-top-column elementor-element elementor-element-9479eeb\" data-id=\"9479eeb\" data-element_type=\"column\" data-e-type=\"column\">\n\t\t\t<div class=\"elementor-widget-wrap\">\n\t\t\t\t\t\t\t<\/div>\n\t\t<\/div>\n\t\t\t\t\t<\/div>\n\t\t<\/section>\n\t\t\t\t<\/div>","protected":false},"excerpt":{"rendered":"<p>Silvester 2024 Die Mindestaufenthaltsdauer \u00fcber Silvester sind 2 Tage. So haben alle mehr Zeit zur Entspannung und es gibt gen\u00fcgend Touren um einen Tag l\u00e4nger bei uns zu bleiben. Ihr k\u00f6nnt w\u00e4hlen ob ihr vom 30. Dezember bis zum 1.<\/p>","protected":false},"author":1,"featured_media":0,"parent":0,"menu_order":0,"comment_status":"closed","ping_status":"closed","template":"","meta":{"inline_featured_image":false,"footnotes":""},"class_list":["post-355","page","type-page","status-publish","hentry"],"_links":{"self":[{"href":"https:\/\/www.chamannajenatsch.ch\/en\/wp-json\/wp\/v2\/pages\/355","targetHints":{"allow":["GET"]}}],"collection":[{"href":"https:\/\/www.chamannajenatsch.ch\/en\/wp-json\/wp\/v2\/pages"}],"about":[{"href":"https:\/\/www.chamannajenatsch.ch\/en\/wp-json\/wp\/v2\/types\/page"}],"author":[{"embeddable":true,"href":"https:\/\/www.chamannajenatsch.ch\/en\/wp-json\/wp\/v2\/users\/1"}],"replies":[{"embeddable":true,"href":"https:\/\/www.chamannajenatsch.ch\/en\/wp-json\/wp\/v2\/comments?post=355"}],"version-history":[{"count":38,"href":"https:\/\/www.chamannajenatsch.ch\/en\/wp-json\/wp\/v2\/pages\/355\/revisions"}],"predecessor-version":[{"id":8160,"href":"https:\/\/www.chamannajenatsch.ch\/en\/wp-json\/wp\/v2\/pages\/355\/revisions\/8160"}],"wp:attachment":[{"href":"https:\/\/www.chamannajenatsch.ch\/en\/wp-json\/wp\/v2\/media?parent=355"}],"curies":[{"name":"wp","href":"https:\/\/api.w.org\/{rel}","templated":true}]}}